{"id":16,"date":"2017-11-13T20:00:32","date_gmt":"2017-11-13T20:00:32","guid":{"rendered":"http:\/\/backschat-coaching.de\/?page_id=16"},"modified":"2024-07-08T14:14:14","modified_gmt":"2024-07-08T14:14:14","slug":"team","status":"publish","type":"page","link":"http:\/\/backschat-coaching.de\/?page_id=16","title":{"rendered":"Team"},"content":{"rendered":"<p><span style=\"font-family: verdana;\"><br \/>\n<strong>Peter Backschat<\/strong><\/span><\/p>\n<p align=\"left\"><img decoding=\"async\" src=\"http:\/\/backschat-coaching.de\/wp-content\/uploads\/2017\/11\/VBF-Peter-Backschat.jpg\" \/><br \/>\nSeine berufliche Laufbahn startete Peter Backschat mit einer Ausbildung zum Einzelhandelskaufmann. Im Anschluss daran wechselte er zu einem der gr\u00f6\u00dften schweizerischen Handelskonzerne. Sein Aufgabengebiet umfasste neben dem Service und dem Verkauf auch die Personalf\u00fchrung sowie die Aus- und Fortbildung. Gleichzeitig absolvierte er die berufsbegleitende Fortbildung zum Handelsfachwirt.<\/p>\n<p>Sp\u00e4ter wechselte Herr Backschat in die Finanzdienstleistungsbranche zur S \u2013Finanzgruppe. Als Key-Accounter leitet er seit vielen Jahren den dezentralen Auf- und Ausbau von Vertriebseinheiten deren Ziel es ist, langfristige, vertrauensvolle Kundenbeziehungen im Bereich von Klein- und Mittelst\u00e4ndischen Unternehmen nachhaltig auf- und auszubauen.<\/p>\n<p>Herr Backschat ist international zertifizierter NLP- Trainer und Management- Coach. Seit mehr als 20 Jahren begleitet er Unternehmen, Teams und Menschen, die ihre eigenen Ressourcen entdecken wollen. Es entstehen Mehrwerte, die man nicht nur in Zahlen ausdr\u00fccken \u00a0kann.<\/p>\n<p><span style=\"font-family: verdana;\"><strong>Monika Schr\u00f6der<\/strong><\/span><\/p>\n<p><span style=\"font-family: verdana;\"><img decoding=\"async\" src=\"http:\/\/backschat-coaching.de\/wp-content\/uploads\/2017\/11\/310_Beitraining.jpg\" \/><br \/>\n<\/span><\/p>\n<p>Ihre berufliche Karriere startete Monika Schr\u00f6der mit dem Abschluss zur staatlich gepr\u00fcften Hauswirtschaftsleiterin. In mehreren Gro\u00dfbetrieben des Hotels und Gastst\u00e4ttengewerbes konnte sie schon in jungen Jahren ihre Talente in der Organisation, Kommunikation und Teamf\u00fchrung gekonnt unter Beweis stellen.<\/p>\n<p>Ihr Verantwortungsbewusstsein im Rahmen ihre Mitarbeiterbetreuung f\u00fchrte sie in der Weiterbildung zum Abschluss als Personalreferentin.<\/p>\n<p>W\u00e4hrend der Familienzeit war die freie Zeiteinteilung das entscheidende Kriterium, um in den Direktvertrieb zu gehen. Hier f\u00fchrte sie mehrere Jahre ein Vertriebsteam, in dem sie ihre F\u00e4higkeiten in der F\u00fchrung, Organisation und Kommunikation erfolgreich einbringen und vertiefen konnte.<\/p>\n<p>Seit vielen Jahre hilft sie jungen Menschen ihrem Traum vom Eigenheim zu verwirklichen. W\u00fcnsche zur jeweiligen Lebenssituation werden analysiert und in der praktischen Umsetzung ber\u00fccksichtigt. Als Impulsgeberin begleitet sie ihre Mandanten w\u00e4hrend des Prozesses von der Planung und Realisierung bis zum Einzug in das neue Heim. Der Aufbau von langfristigen Kundenbeziehungen liegt ihr besonders am Herzen.<\/p>\n<p><span style=\"font-family: verdana;\">\u00a0<\/span><\/p>\n","protected":false},"excerpt":{"rendered":"<p>Peter Backschat Seine berufliche Laufbahn startete Peter Backschat mit einer Ausbildung zum Einzelhandelskaufmann. Im Anschluss daran wechselte er zu einem der gr\u00f6\u00dften schweizerischen Handelskonzerne. Sein Aufgabengebiet umfasste neben dem Service und dem Verkauf auch die Personalf\u00fchrung sowie die Aus- und Fortbildung. Gleichzeitig absolvierte er die berufsbegleitende Fortbildung zum Handelsfachwirt. Sp\u00e4ter wechselte Herr Backschat in die &hellip; <\/p>\n<p class=\"link-more\"><a href=\"http:\/\/backschat-coaching.de\/?page_id=16\" class=\"more-link\"><span class=\"screen-reader-text\">\u201eTeam\u201c <\/span>weiterlesen<\/a><\/p>\n","protected":false},"author":1,"featured_media":0,"parent":0,"menu_order":0,"comment_status":"closed","ping_status":"closed","template":"","meta":{"footnotes":""},"class_list":["post-16","page","type-page","status-publish","hentry"],"_links":{"self":[{"href":"http:\/\/backschat-coaching.de\/index.php?rest_route=\/wp\/v2\/pages\/16","targetHints":{"allow":["GET"]}}],"collection":[{"href":"http:\/\/backschat-coaching.de\/index.php?rest_route=\/wp\/v2\/pages"}],"about":[{"href":"http:\/\/backschat-coaching.de\/index.php?rest_route=\/wp\/v2\/types\/page"}],"author":[{"embeddable":true,"href":"http:\/\/backschat-coaching.de\/index.php?rest_route=\/wp\/v2\/users\/1"}],"replies":[{"embeddable":true,"href":"http:\/\/backschat-coaching.de\/index.php?rest_route=%2Fwp%2Fv2%2Fcomments&post=16"}],"version-history":[{"count":9,"href":"http:\/\/backschat-coaching.de\/index.php?rest_route=\/wp\/v2\/pages\/16\/revisions"}],"predecessor-version":[{"id":142,"href":"http:\/\/backschat-coaching.de\/index.php?rest_route=\/wp\/v2\/pages\/16\/revisions\/142"}],"wp:attachment":[{"href":"http:\/\/backschat-coaching.de\/index.php?rest_route=%2Fwp%2Fv2%2Fmedia&parent=16"}],"curies":[{"name":"wp","href":"https:\/\/api.w.org\/{rel}","templated":true}]}}