{"id":28,"date":"2017-11-13T20:29:06","date_gmt":"2017-11-13T20:29:06","guid":{"rendered":"http:\/\/backschat-coaching.de\/?page_id=28"},"modified":"2018-09-04T16:32:41","modified_gmt":"2018-09-04T16:32:41","slug":"seminare-workshops","status":"publish","type":"page","link":"http:\/\/backschat-coaching.de\/?page_id=28","title":{"rendered":"Seminare &#038; Workshops"},"content":{"rendered":"<p><span style=\"font-family: verdana;\"><br \/>\n<span style=\"color: #610b0b; font-size: xx-large;\"><em><strong>Seminare und Workshops<\/strong><\/em><\/span><\/span><\/p>\n<p><em><strong>Einmalige Ma\u00dfnahmen erzielen einmalige Wirkung. Langfristige Ma\u00dfnahmen erzielen langfristige Erfolge.<\/strong><\/em><\/p>\n<p>Deshalb erarbeiten wir mit Ihnen gemeinsam auf die Bed\u00fcrfnisse Ihres Unternehmens ein ma\u00dfgeschneiderten Workshop und dazu die passenden Trainingseinheiten.<\/p>\n<p>Ein &#8222;<strong>Mehr<\/strong>&#8220; f\u00fcr Sie und Ihr Unternehmen durch:<\/p>\n<ul>\n<li>Motivierte Mitarbeiterinnen und Mitarbeiter<\/li>\n<li>Effizientere Verkaufsgespr\u00e4che<\/li>\n<li>Professionelle Mitarbeiterf\u00fchrung<\/li>\n<li>Mehr Effizienz am Arbeitsplatz und in der Arbeitsorganisation<\/li>\n<li>Jahresplanung und Mitarbeiterentwicklung<\/li>\n<li>Entwicklung von Unternehmensleitbildern<\/li>\n<li>Ziel- und Zeitmanagement<\/li>\n<li>Verkaufsbegleitung in Au\u00dfendienst<\/li>\n<li>Konfliktmanagement und Verhandlung<\/li>\n<li>Kommunikation- und Gespr\u00e4chsf\u00fchrung<\/li>\n<li>Neue Mitarbeiter professionell Einarbeiten<\/li>\n<\/ul>\n","protected":false},"excerpt":{"rendered":"<p>Seminare und Workshops Einmalige Ma\u00dfnahmen erzielen einmalige Wirkung. Langfristige Ma\u00dfnahmen erzielen langfristige Erfolge. Deshalb erarbeiten wir mit Ihnen gemeinsam auf die Bed\u00fcrfnisse Ihres Unternehmens ein ma\u00dfgeschneiderten Workshop und dazu die passenden Trainingseinheiten. Ein &#8222;Mehr&#8220; f\u00fcr Sie und Ihr Unternehmen durch: Motivierte Mitarbeiterinnen und Mitarbeiter Effizientere Verkaufsgespr\u00e4che Professionelle Mitarbeiterf\u00fchrung Mehr Effizienz am Arbeitsplatz und in der &hellip; <\/p>\n<p class=\"link-more\"><a href=\"http:\/\/backschat-coaching.de\/?page_id=28\" class=\"more-link\"><span class=\"screen-reader-text\">\u201eSeminare &#038; Workshops\u201c <\/span>weiterlesen<\/a><\/p>\n","protected":false},"author":1,"featured_media":0,"parent":0,"menu_order":0,"comment_status":"closed","ping_status":"closed","template":"","meta":{"footnotes":""},"class_list":["post-28","page","type-page","status-publish","hentry"],"_links":{"self":[{"href":"http:\/\/backschat-coaching.de\/index.php?rest_route=\/wp\/v2\/pages\/28","targetHints":{"allow":["GET"]}}],"collection":[{"href":"http:\/\/backschat-coaching.de\/index.php?rest_route=\/wp\/v2\/pages"}],"about":[{"href":"http:\/\/backschat-coaching.de\/index.php?rest_route=\/wp\/v2\/types\/page"}],"author":[{"embeddable":true,"href":"http:\/\/backschat-coaching.de\/index.php?rest_route=\/wp\/v2\/users\/1"}],"replies":[{"embeddable":true,"href":"http:\/\/backschat-coaching.de\/index.php?rest_route=%2Fwp%2Fv2%2Fcomments&post=28"}],"version-history":[{"count":3,"href":"http:\/\/backschat-coaching.de\/index.php?rest_route=\/wp\/v2\/pages\/28\/revisions"}],"predecessor-version":[{"id":114,"href":"http:\/\/backschat-coaching.de\/index.php?rest_route=\/wp\/v2\/pages\/28\/revisions\/114"}],"wp:attachment":[{"href":"http:\/\/backschat-coaching.de\/index.php?rest_route=%2Fwp%2Fv2%2Fmedia&parent=28"}],"curies":[{"name":"wp","href":"https:\/\/api.w.org\/{rel}","templated":true}]}}