{"id":87,"date":"2018-09-04T16:27:26","date_gmt":"2018-09-04T16:27:26","guid":{"rendered":"http:\/\/backschat-coaching.de\/?page_id=87"},"modified":"2018-09-04T16:27:26","modified_gmt":"2018-09-04T16:27:26","slug":"aussagen-der-teilnehmer","status":"publish","type":"page","link":"http:\/\/backschat-coaching.de\/?page_id=87","title":{"rendered":"Aussagen der Teilnehmer"},"content":{"rendered":"<p><span style=\"font-family: verdana;\"><br \/>\n<strong> Ausz\u00fcge von Aussagen unserer Teilnehmer <\/strong><\/span><\/p>\n<p>&#8222;Eine der besten Seminare die ich bisher besucht habe.&#8220;<br \/>\n<span style=\"font-size: 8pt;\">Thomas Kaltenbach, Gesch\u00e4ftsf\u00fchrer<\/span><\/p>\n<p>&#8222;Sehr guter Trainer, positive Atmosph\u00e4re. Viele M\u00f6glichkeiten, Beispiele um an der Basis zu arbeiten.&#8220;<br \/>\n<span style=\"font-size: 8pt;\">Udo F\u00fcnfschilling, Ingenieur <\/span><\/p>\n<p>&#8222;Die klaren F\u00fchrungsinstrumente, die ich in Ihrem Seminar erhalten habe, erweisen sich als sehr wertvolle Mittel, den Umsatz zu steigern. Die Nachhaltigkeit spiegelt sich in der Umsatzsteigerung von rund 30% wieder. &#8220;<br \/>\n<span style=\"font-size: 8pt;\">Frank Bamberg, Sigmaringen Generalagenturleiter Sparkassenversicherung <\/span><\/p>\n<p>&#8222;Nicht das Beginnen wird belohnt sondern einzig und allein das Durchhalten. In Deinen Trainings merkt man deutlich, dass der Mensch und seine Pers\u00f6nlichkeit im Mittelpunkt stehen und wir \u00fcber den Menschen erfolgreiche Gesch\u00e4fte generieren k\u00f6nnen.&#8220;<br \/>\n<span style=\"font-size: 8pt;\">Bernhard B\u00fcrgin, Murg Generalagenturleiter Sparkassenversicherung<\/span><\/p>\n<p>&#8222;Die praxisnahen Fallbeispiele waren \u00e4u\u00dferst interessant und sehr aufschlussreich. Die erlernten Methoden k\u00f6nnen im t\u00e4glichen Umgang mit unseren externen und internen Kunden positiv umgesetzt werden.&#8220;<br \/>\n<span style=\"font-size: 8pt;\">Ulrich Schmalfu\u00df, Prokurist<\/span><\/p>\n<p>&#8222;Das Seminar war sehr gut strukturiert und gibt die tats\u00e4chlichen Verh\u00e4ltnisse im Verkaufsprozess sehr gut wieder. &#8220;<br \/>\n<span style=\"font-size: 8pt;\">Hans M\u00f6ller, Gebietsverkaufsleiter<\/span><\/p>\n<p>&#8222;Ich habe viele Gedankenanst\u00f6\u00dfe gesammelt, die im Gesch\u00e4ftsalltag sofort anwendbar sind.&#8220;<br \/>\n<span style=\"font-size: 8pt;\">Michael Kost, Verkaufsleiter<\/span><\/p>\n<p>&#8222;Vielen Dank f\u00fcr das &#8222;KLASSE&#8220; &#8211; Seminar kundenorientierte Dienstleistungen mit dem gesamtem Team. Wir sind sehr zufrieden und sp\u00fcren die positiven Ver\u00e4nderungen im Verkaufsprozess und im Umgang miteinander.&#8220;<br \/>\n<span style=\"font-size: 8pt;\">Karin Stocker-Werb und Gerhard Werb, Unternehmer Donaueschingen<\/span><\/p>\n<p>&#8222;Die praktischen Beispiele aus unserem Umfeld haben uns gut getan und gaben uns viele positive Impulse.&#8220;<br \/>\n<span style=\"font-size: 8pt;\">Martina und G\u00fcnter Sieber, Unternehmer, Stetten a.k.M.<\/span><\/p>\n<p>&#8222;Ich habe so ein Seminar noch nie erlebt und noch nie so viel aus einem Seminar f\u00fcr die Praxis mitgenommen.War wirklich sowohl fachlich als auch menschlich einmalig!&#8220;<br \/>\n<span style=\"font-size: 8pt;\">David Omanovic, Firmenkundenberater, Stuttgart<\/span><\/p>\n","protected":false},"excerpt":{"rendered":"<p>Ausz\u00fcge von Aussagen unserer Teilnehmer &#8222;Eine der besten Seminare die ich bisher besucht habe.&#8220; Thomas Kaltenbach, Gesch\u00e4ftsf\u00fchrer &#8222;Sehr guter Trainer, positive Atmosph\u00e4re. Viele M\u00f6glichkeiten, Beispiele um an der Basis zu arbeiten.&#8220; Udo F\u00fcnfschilling, Ingenieur &#8222;Die klaren F\u00fchrungsinstrumente, die ich in Ihrem Seminar erhalten habe, erweisen sich als sehr wertvolle Mittel, den Umsatz zu steigern. Die &hellip; <\/p>\n<p class=\"link-more\"><a href=\"http:\/\/backschat-coaching.de\/?page_id=87\" class=\"more-link\"><span class=\"screen-reader-text\">\u201eAussagen der Teilnehmer\u201c <\/span>weiterlesen<\/a><\/p>\n","protected":false},"author":1,"featured_media":0,"parent":55,"menu_order":0,"comment_status":"closed","ping_status":"closed","template":"","meta":{"footnotes":""},"class_list":["post-87","page","type-page","status-publish","hentry"],"_links":{"self":[{"href":"http:\/\/backschat-coaching.de\/index.php?rest_route=\/wp\/v2\/pages\/87","targetHints":{"allow":["GET"]}}],"collection":[{"href":"http:\/\/backschat-coaching.de\/index.php?rest_route=\/wp\/v2\/pages"}],"about":[{"href":"http:\/\/backschat-coaching.de\/index.php?rest_route=\/wp\/v2\/types\/page"}],"author":[{"embeddable":true,"href":"http:\/\/backschat-coaching.de\/index.php?rest_route=\/wp\/v2\/users\/1"}],"replies":[{"embeddable":true,"href":"http:\/\/backschat-coaching.de\/index.php?rest_route=%2Fwp%2Fv2%2Fcomments&post=87"}],"version-history":[{"count":23,"href":"http:\/\/backschat-coaching.de\/index.php?rest_route=\/wp\/v2\/pages\/87\/revisions"}],"predecessor-version":[{"id":110,"href":"http:\/\/backschat-coaching.de\/index.php?rest_route=\/wp\/v2\/pages\/87\/revisions\/110"}],"up":[{"embeddable":true,"href":"http:\/\/backschat-coaching.de\/index.php?rest_route=\/wp\/v2\/pages\/55"}],"wp:attachment":[{"href":"http:\/\/backschat-coaching.de\/index.php?rest_route=%2Fwp%2Fv2%2Fmedia&parent=87"}],"curies":[{"name":"wp","href":"https:\/\/api.w.org\/{rel}","templated":true}]}}